{"id":91,"date":"2023-06-12T15:48:35","date_gmt":"2023-06-12T13:48:35","guid":{"rendered":"https:\/\/www.hotel-france-camaret.com\/?page_id=91"},"modified":"2025-01-28T10:30:03","modified_gmt":"2025-01-28T09:30:03","slug":"special-offers","status":"publish","type":"page","link":"https:\/\/www.hotel-france-camaret.com\/en\/offres-speciales\/","title":{"rendered":"Special offers"},"content":{"rendered":"\t\t<div data-elementor-type=\"wp-page\" data-elementor-id=\"91\" class=\"elementor elementor-91\" data-elementor-post-type=\"page\">\n\t\t\t\t<div class=\"elementor-element elementor-element-8bca66a e-flex e-con-boxed e-con e-parent\" data-id=\"8bca66a\" data-element_type=\"container\" data-e-type=\"container\" data-settings=\"{&quot;background_background&quot;:&quot;classic&quot;}\">\n\t\t\t\t\t<div class=\"e-con-inner\">\n\t\t\t\t<div class=\"elementor-element elementor-element-cce0437 elementor-widget elementor-widget-heading\" data-id=\"cce0437\" data-element_type=\"widget\" data-e-type=\"widget\" data-widget_type=\"heading.default\">\n\t\t\t\t<div class=\"elementor-widget-container\">\n\t\t\t\t\t<h1 class=\"elementor-heading-title elementor-size-default\">Offres sp\u00e9ciales<\/h1>\t\t\t\t<\/div>\n\t\t\t\t<\/div>\n\t\t\t\t<div class=\"elementor-element elementor-element-98935db elementor-widget elementor-widget-heading\" data-id=\"98935db\" data-element_type=\"widget\" data-e-type=\"widget\" data-widget_type=\"heading.default\">\n\t\t\t\t<div class=\"elementor-widget-container\">\n\t\t\t\t\t<h2 class=\"elementor-heading-title elementor-size-default\">L'h\u00f4tel de France face \u00e0 la mer<\/h2>\t\t\t\t<\/div>\n\t\t\t\t<\/div>\n\t\t\t\t\t<\/div>\n\t\t\t\t<\/div>\n\t\t<div class=\"elementor-element elementor-element-3add822 e-flex e-con-boxed e-con e-parent\" data-id=\"3add822\" data-element_type=\"container\" data-e-type=\"container\">\n\t\t\t\t\t<div class=\"e-con-inner\">\n\t\t\t\t<div class=\"elementor-element elementor-element-936ae96 elementor-widget elementor-widget-offers-list\" data-id=\"936ae96\" data-element_type=\"widget\" data-e-type=\"widget\" data-settings=\"{&quot;element_skin&quot;:&quot;slider&quot;,&quot;slides_per_view&quot;:&quot;2&quot;,&quot;slides_to_scroll&quot;:&quot;1&quot;,&quot;slides_per_view_tablet&quot;:&quot;1&quot;,&quot;space_between&quot;:{&quot;unit&quot;:&quot;px&quot;,&quot;size&quot;:10,&quot;sizes&quot;:[]},&quot;space_between_tablet&quot;:{&quot;unit&quot;:&quot;px&quot;,&quot;size&quot;:10,&quot;sizes&quot;:[]},&quot;space_between_mobile&quot;:{&quot;unit&quot;:&quot;px&quot;,&quot;size&quot;:10,&quot;sizes&quot;:[]},&quot;effect&quot;:&quot;slide&quot;,&quot;cursor_grab&quot;:&quot;yes&quot;,&quot;carousel_first_only&quot;:&quot;no&quot;,&quot;infinite&quot;:&quot;yes&quot;,&quot;categories_filter&quot;:[&quot;*&quot;],&quot;item_ignore_filter&quot;:[],&quot;validity_date_format&quot;:&quot;long&quot;,&quot;row_gap&quot;:{&quot;unit&quot;:&quot;px&quot;,&quot;size&quot;:35,&quot;sizes&quot;:[]}}\" data-widget_type=\"offers-list.default\">\n\t\t\t\t<div class=\"elementor-widget-container\">\n\t\t\t\t\t                <div class=\"elementor-swiper\">\n            <div class=\"elementor-main-swiper swiper\">\n                            <div class=\"eliophot-offers eliophot-offers__wrapper eliophot-base-list swiper-wrapper\">\n                    <input type=\"hidden\" class=\"api_id\" value=\"\">\n                            <div\n                class=\"eliophot-offer__container eliophot-base-list__container elementor-grid-item  swiper-slide eliophot-offer__skin-slider eliophot-offer_ID_1990 \"\n                data-category=\"\"\n                data-title = \"Pause Gourmande\"\n                data-name = \"pause-gourmande\"\n        >\n                    <div class=\"eliophot-offer__data_images\"\n             data-images = \"[&quot;https:\/\/www.hotel-france-camaret.com\/wp-content\/uploads\/2023\/10\/Terrasse-bdm-2-scaled.jpg&quot;]\">\n                            <div class=\"eliophot-offer__data_images_container image-first \" >\n                    <div class=\"elementor-carousel-image\" style=\"background-image: url('https:\/\/www.hotel-france-camaret.com\/wp-content\/uploads\/2023\/10\/Terrasse-bdm-2-scaled.jpg');\"><\/div>\n                    <link itemprop=\"image\" href=\"https:\/\/www.hotel-france-camaret.com\/wp-content\/uploads\/2023\/10\/Terrasse-bdm-2-scaled.jpg\" \/>\n                <\/div>\n                        <\/div>\n        <div class=\"eliophot-offer__group\">            <div class=\"eliophot-offer__body\">\n                        <!-- TODO: if page link enabled -->\n        <h3 class=\"eliophot-offer__title\">\n            <span class=\"title_before\"><\/span>\n            <a  href=\"https:\/\/www.hotel-france-camaret.com\/en\/offres-speciales\/pause-gourmande\/\">\n                            Pause Gourmande            <\/a>\n        <\/h3>\n                    <div class=\"eliophot-offer__summary\">\n                <p\n                                    >\n                    Venez s\u00e9journer \u00e0 l&#039;H\u00f4tel de France et Profitez d&#039;un forfait incluant la nuit, le d\u00eener et le petit-d\u00e9jeuner                <\/p>\n            <\/div>\n                        <\/div>\n\n            \n        <div class=\"eliophot-offer__cta\" itemprop=\"offers\" itemscope itemtype=\"https:\/\/schema.org\/Offer\">\n            <div class=\"eliophot-offer__cta_container\">\n                                    <input type=\"hidden\" name=\"id_offer\" value=\"1990\"\/>\n                    <div class=\"eliophot-offer__cta_title\" itemprop=\"priceSpecification\" itemscope itemtype=\"https:\/\/schema.org\/UnitPriceSpecification\">\n                                                    <span class=\"eliophot-offer__cta_heading\">\u00c0 partir de<\/span>\n                            <span class=\"eliophot-offer__cta_unavail\" style=\"display: none\">Aucune disponibilit\u00e9<\/span>\n\n                            <div class=\"eliophot-offer__cta_price\">\n                            <span class=\"eliophot-offer__price_tag\" >\n                                173                            <\/span>\n<!--                                --><!--                                    <meta itemprop=\"priceCurrency\" content=\"EUR\"\/><span class=\"--><!--__price_unit\">\u20ac \/<\/span>-->\n<!--                                --><!--                                    <span class=\"--><!--__price_unit\">\u20ac \/<\/span>-->\n<!--                                -->                                <meta itemprop=\"unitCode\" content=\"DAY\"\/>\n                                <span class=\"eliophot-offer__cta_time\">\u20ac<\/span>\n                                <meta itemprop=\"availability\" content=\"https:\/\/schema.org\/InStock\"\/>\n\n                            <\/div>\n                                            <\/div>\n\n                                <div class=\"eliophot-offer__cta_buttons\">\n                \n                                            <a href=\"https:\/\/www.hotel-france-camaret.com\/en\/offres-speciales\/pause-gourmande\/\" class=\"eliophot-offer__cta_button eliophot-offer__cta_button_second elementor-button-link elementor-button elementor-size-sm \">\n                            D\u00e9couvrir                        <\/a>\n                                    <\/div>\n            <\/div>\n        <\/div>\n                    <\/div>        <\/div>\n                <div\n                class=\"eliophot-offer__container eliophot-base-list__container elementor-grid-item  swiper-slide eliophot-offer__skin-slider eliophot-offer_ID_1992 \"\n                data-category=\"\"\n                data-title = \"Escale \u00e0 Camaret\"\n                data-name = \"escale-a-camaret\"\n        >\n                    <div class=\"eliophot-offer__data_images\"\n             data-images = \"[&quot;https:\/\/www.hotel-france-camaret.com\/wp-content\/uploads\/2023\/06\/f169eb88d0b51b9e6618f1de14101ce37647347f.jpeg&quot;]\">\n                            <div class=\"eliophot-offer__data_images_container image-first \" >\n                    <div class=\"elementor-carousel-image\" style=\"background-image: url('https:\/\/www.hotel-france-camaret.com\/wp-content\/uploads\/2023\/06\/f169eb88d0b51b9e6618f1de14101ce37647347f.jpeg');\"><\/div>\n                    <link itemprop=\"image\" href=\"https:\/\/www.hotel-france-camaret.com\/wp-content\/uploads\/2023\/06\/f169eb88d0b51b9e6618f1de14101ce37647347f.jpeg\" \/>\n                <\/div>\n                        <\/div>\n        <div class=\"eliophot-offer__group\">            <div class=\"eliophot-offer__body\">\n                        <!-- TODO: if page link enabled -->\n        <h3 class=\"eliophot-offer__title\">\n            <span class=\"title_before\"><\/span>\n            <a  href=\"https:\/\/www.hotel-france-camaret.com\/en\/offres-speciales\/escale-a-camaret\/\">\n                            Escale \u00e0 Camaret            <\/a>\n        <\/h3>\n                    <div class=\"eliophot-offer__summary\">\n                <p\n                                    >\n                    S\u00e9jour pour prendre le temps de d\u00e9couvrir Camaret-sur-Mer, incluant nuit\u00e9es, d\u00eeners et petits-d\u00e9jeuners, minimum 3 nuits                <\/p>\n            <\/div>\n                        <\/div>\n\n            \n        <div class=\"eliophot-offer__cta\" itemprop=\"offers\" itemscope itemtype=\"https:\/\/schema.org\/Offer\">\n            <div class=\"eliophot-offer__cta_container\">\n                                    <input type=\"hidden\" name=\"id_offer\" value=\"1992\"\/>\n                    <div class=\"eliophot-offer__cta_title\" itemprop=\"priceSpecification\" itemscope itemtype=\"https:\/\/schema.org\/UnitPriceSpecification\">\n                                                    <span class=\"eliophot-offer__cta_heading\">\u00c0 partir de<\/span>\n                            <span class=\"eliophot-offer__cta_unavail\" style=\"display: none\">Aucune disponibilit\u00e9<\/span>\n\n                            <div class=\"eliophot-offer__cta_price\">\n                            <span class=\"eliophot-offer__price_tag\" >\n                                162                            <\/span>\n<!--                                --><!--                                    <meta itemprop=\"priceCurrency\" content=\"EUR\"\/><span class=\"--><!--__price_unit\">\u20ac \/<\/span>-->\n<!--                                --><!--                                    <span class=\"--><!--__price_unit\">\u20ac \/<\/span>-->\n<!--                                -->                                <meta itemprop=\"unitCode\" content=\"DAY\"\/>\n                                <span class=\"eliophot-offer__cta_time\">\u20ac<\/span>\n                                <meta itemprop=\"availability\" content=\"https:\/\/schema.org\/InStock\"\/>\n\n                            <\/div>\n                                            <\/div>\n\n                                <div class=\"eliophot-offer__cta_buttons\">\n                \n                                            <a href=\"https:\/\/www.hotel-france-camaret.com\/en\/offres-speciales\/escale-a-camaret\/\" class=\"eliophot-offer__cta_button eliophot-offer__cta_button_second elementor-button-link elementor-button elementor-size-sm \">\n                            D\u00e9couvrir                        <\/a>\n                                    <\/div>\n            <\/div>\n        <\/div>\n                    <\/div>        <\/div>\n                        <\/div>\n\n                \n\n                                                    <\/div>\n        <\/div>\n        \t\t\t\t<\/div>\n\t\t\t\t<\/div>\n\t\t\t\t\t<\/div>\n\t\t\t\t<\/div>\n\t\t\t\t<\/div>\n\t\t","protected":false},"excerpt":{"rendered":"<p>Special offers L'h\u00f4tel de France face \u00e0 la mer Valentine's Day offer Treat yourself to a break for 2 From No availability \u20ac149 Discover<\/p>","protected":false},"author":12,"featured_media":0,"parent":0,"menu_order":0,"comment_status":"closed","ping_status":"closed","template":"","meta":{"inline_featured_image":false,"footnotes":""},"class_list":["post-91","page","type-page","status-publish","hentry"],"_links":{"self":[{"href":"https:\/\/www.hotel-france-camaret.com\/en\/wp-json\/wp\/v2\/pages\/91","targetHints":{"allow":["GET"]}}],"collection":[{"href":"https:\/\/www.hotel-france-camaret.com\/en\/wp-json\/wp\/v2\/pages"}],"about":[{"href":"https:\/\/www.hotel-france-camaret.com\/en\/wp-json\/wp\/v2\/types\/page"}],"author":[{"embeddable":true,"href":"https:\/\/www.hotel-france-camaret.com\/en\/wp-json\/wp\/v2\/users\/12"}],"replies":[{"embeddable":true,"href":"https:\/\/www.hotel-france-camaret.com\/en\/wp-json\/wp\/v2\/comments?post=91"}],"version-history":[{"count":58,"href":"https:\/\/www.hotel-france-camaret.com\/en\/wp-json\/wp\/v2\/pages\/91\/revisions"}],"predecessor-version":[{"id":1921,"href":"https:\/\/www.hotel-france-camaret.com\/en\/wp-json\/wp\/v2\/pages\/91\/revisions\/1921"}],"wp:attachment":[{"href":"https:\/\/www.hotel-france-camaret.com\/en\/wp-json\/wp\/v2\/media?parent=91"}],"curies":[{"name":"wp","href":"https:\/\/api.w.org\/{rel}","templated":true}]}}