{"id":75,"date":"2023-06-12T15:43:41","date_gmt":"2023-06-12T13:43:41","guid":{"rendered":"https:\/\/www.hotel-france-camaret.com\/?page_id=75"},"modified":"2023-06-22T09:50:36","modified_gmt":"2023-06-22T07:50:36","slug":"the-harbour-of-brest","status":"publish","type":"page","link":"https:\/\/www.hotel-france-camaret.com\/en\/cap-sur-la-bretagne-hotel-finistere\/la-rade-de-brest\/","title":{"rendered":"Brest harbour"},"content":{"rendered":"<div data-elementor-type=\"wp-page\" data-elementor-id=\"75\" class=\"elementor elementor-75\" data-elementor-post-type=\"page\">\n\t\t\t\t<div class=\"elementor-element elementor-element-7377b258 e-flex e-con-boxed e-con e-parent\" data-id=\"7377b258\" data-element_type=\"container\" data-e-type=\"container\" data-settings=\"{&quot;background_background&quot;:&quot;classic&quot;}\">\n\t\t\t\t\t<div class=\"e-con-inner\">\n\t\t\t\t<div class=\"elementor-element elementor-element-390811ef elementor-widget elementor-widget-heading\" data-id=\"390811ef\" data-element_type=\"widget\" data-e-type=\"widget\" data-widget_type=\"heading.default\">\n\t\t\t\t<div class=\"elementor-widget-container\">\n\t\t\t\t\t<h1 class=\"elementor-heading-title elementor-size-default\">Brest harbour<\/h1>\t\t\t\t<\/div>\n\t\t\t\t<\/div>\n\t\t\t\t<div class=\"elementor-element elementor-element-3be26f3e elementor-widget elementor-widget-heading\" data-id=\"3be26f3e\" data-element_type=\"widget\" data-e-type=\"widget\" data-widget_type=\"heading.default\">\n\t\t\t\t<div class=\"elementor-widget-container\">\n\t\t\t\t\t<h2 class=\"elementor-heading-title elementor-size-default\">A water sports paradise<\/h2>\t\t\t\t<\/div>\n\t\t\t\t<\/div>\n\t\t\t\t\t<\/div>\n\t\t\t\t<\/div>\n\t\t<div class=\"elementor-element elementor-element-7d6a26d2 e-flex e-con-boxed e-con e-parent\" data-id=\"7d6a26d2\" data-element_type=\"container\" data-e-type=\"container\" data-settings=\"{&quot;background_background&quot;:&quot;classic&quot;}\">\n\t\t\t\t\t<div class=\"e-con-inner\">\n\t\t<div class=\"elementor-element elementor-element-2556cd66 e-con-full e-flex e-con e-parent\" data-id=\"2556cd66\" data-element_type=\"container\" data-e-type=\"container\">\n\t\t\t\t<div class=\"elementor-element elementor-element-3fe425d3 elementor-widget elementor-widget-heading\" data-id=\"3fe425d3\" data-element_type=\"widget\" data-e-type=\"widget\" data-widget_type=\"heading.default\">\n\t\t\t\t<div class=\"elementor-widget-container\">\n\t\t\t\t\t<h2 class=\"elementor-heading-title elementor-size-default\">A water sports paradise<\/h2>\t\t\t\t<\/div>\n\t\t\t\t<\/div>\n\t\t\t\t<div class=\"elementor-element elementor-element-7d63fe25 elementor-widget elementor-widget-heading\" data-id=\"7d63fe25\" data-element_type=\"widget\" data-e-type=\"widget\" data-widget_type=\"heading.default\">\n\t\t\t\t<div class=\"elementor-widget-container\">\n\t\t\t\t\t<h2 class=\"elementor-heading-title elementor-size-default\">Brest harbour<\/h2>\t\t\t\t<\/div>\n\t\t\t\t<\/div>\n\t\t\t\t<div class=\"elementor-element elementor-element-7b168f56 elementor-widget elementor-widget-text-editor\" data-id=\"7b168f56\" data-element_type=\"widget\" data-e-type=\"widget\" data-widget_type=\"text-editor.default\">\n\t\t\t\t<div class=\"elementor-widget-container\">\n\t\t\t\t\t\t\t\t\t<p>The Bay of Brest is a large bay of 180 m\u00b2 connected to the Iroise Sea by a 1.8 km wide passage called the Brest Narrows (sheltered from storms and virtually closed by the Roscanvel peninsula).<\/p><p>It's impossible to spend any time in Brest without feeling the urge to sail or swim in the harbour! Sailing, windsurfing, kite-surfing, stand-up paddling, scuba diving... Before being a commercial port, Brest is above all a seaside town. In fact, it's Brittany's leading yachting port.<\/p><p>You can also visit the harbour on a motorboat or an old sailing ship! The one called La Recouvrance takes you out for a day or half-day sail around the harbour. It's the ideal way to watch the sunset and enjoy a unique moment with family or friends.<\/p>\t\t\t\t\t\t\t\t<\/div>\n\t\t\t\t<\/div>\n\t\t\t\t<\/div>\n\t\t<div class=\"elementor-element elementor-element-5f382271 e-con-full tourisme-img-left e-flex e-con e-parent\" data-id=\"5f382271\" data-element_type=\"container\" data-e-type=\"container\">\n\t\t\t\t<div class=\"elementor-element elementor-element-63c1d9fd elementor-widget elementor-widget-image\" data-id=\"63c1d9fd\" data-element_type=\"widget\" data-e-type=\"widget\" data-widget_type=\"image.default\">\n\t\t\t\t<div class=\"elementor-widget-container\">\n\t\t\t\t\t\t\t\t\t\t\t\t\t\t\t<img fetchpriority=\"high\" decoding=\"async\" width=\"677\" height=\"452\" src=\"https:\/\/www.hotel-france-camaret.com\/wp-content\/uploads\/2023\/06\/fad02ee228aedacb0afb32a2b1cf134292c8bbd7.jpeg\" class=\"attachment-large size-large wp-image-800\" alt=\"\" srcset=\"https:\/\/www.hotel-france-camaret.com\/wp-content\/uploads\/2023\/06\/fad02ee228aedacb0afb32a2b1cf134292c8bbd7.jpeg 677w, https:\/\/www.hotel-france-camaret.com\/wp-content\/uploads\/2023\/06\/fad02ee228aedacb0afb32a2b1cf134292c8bbd7-300x200.jpeg 300w, https:\/\/www.hotel-france-camaret.com\/wp-content\/uploads\/2023\/06\/fad02ee228aedacb0afb32a2b1cf134292c8bbd7-18x12.jpeg 18w\" sizes=\"(max-width: 677px) 100vw, 677px\" title=\"\">\t\t\t\t\t\t\t\t\t\t\t\t\t\t\t<\/div>\n\t\t\t\t<\/div>\n\t\t\t\t<\/div>\n\t\t\t\t\t<\/div>\n\t\t\t\t<\/div>\n\t\t<div class=\"elementor-element elementor-element-755bc60e e-flex e-con-boxed e-con e-parent\" data-id=\"755bc60e\" data-element_type=\"container\" data-e-type=\"container\">\n\t\t\t\t\t<div class=\"e-con-inner\">\n\t\t\t\t<div class=\"elementor-element elementor-element-549eca24 elementor-widget elementor-widget-heading\" data-id=\"549eca24\" data-element_type=\"widget\" data-e-type=\"widget\" data-widget_type=\"heading.default\">\n\t\t\t\t<div class=\"elementor-widget-container\">\n\t\t\t\t\t<h3 class=\"elementor-heading-title elementor-size-default\">Find out more about Brittany<\/h3>\t\t\t\t<\/div>\n\t\t\t\t<\/div>\n\t\t\t\t<div class=\"elementor-element elementor-element-2e7b6b97 elementor-post-navigation-borders-yes elementor-widget elementor-widget-post-navigation\" data-id=\"2e7b6b97\" data-element_type=\"widget\" data-e-type=\"widget\" data-widget_type=\"post-navigation.default\">\n\t\t\t\t<div class=\"elementor-widget-container\">\n\t\t\t\t\t\t\t<div class=\"elementor-post-navigation\" role=\"navigation\" aria-label=\"Post Navigation\">\n\t\t\t<div class=\"elementor-post-navigation__prev elementor-post-navigation__link\">\n\t\t\t\t<a href=\"https:\/\/www.hotel-france-camaret.com\/en\/cap-sur-la-bretagne-hotel-finistere\/lile-de-sein\/\" rel=\"prev\"><span class=\"post-navigation__arrow-wrapper post-navigation__arrow-prev\"><i aria-hidden=\"true\" class=\"fas fa-angle-left\"><\/i><span class=\"elementor-screen-only\">Prev<\/span><\/span><span class=\"elementor-post-navigation__link__prev\"><span class=\"post-navigation__prev--title\">The island of Sein<\/span><\/span><\/a>\t\t\t<\/div>\n\t\t\t\t\t\t\t<div class=\"elementor-post-navigation__separator-wrapper\">\n\t\t\t\t\t<div class=\"elementor-post-navigation__separator\"><\/div>\n\t\t\t\t<\/div>\n\t\t\t\t\t\t<div class=\"elementor-post-navigation__next elementor-post-navigation__link\">\n\t\t\t\t<a href=\"https:\/\/www.hotel-france-camaret.com\/en\/cap-sur-la-bretagne-hotel-finistere\/oceanopolis\/\" rel=\"next\"><span class=\"elementor-post-navigation__link__next\"><span class=\"post-navigation__next--title\">Oc\u00e9anopolis<\/span><\/span><span class=\"post-navigation__arrow-wrapper post-navigation__arrow-next\"><i aria-hidden=\"true\" class=\"fas fa-angle-right\"><\/i><span class=\"elementor-screen-only\">Next<\/span><\/span><\/a>\t\t\t<\/div>\n\t\t<\/div>\n\t\t\t\t\t\t<\/div>\n\t\t\t\t<\/div>\n\t\t\t\t\t<\/div>\n\t\t\t\t<\/div>\n\t\t\t\t<\/div>","protected":false},"excerpt":{"rendered":"<p>La rade de Brest Le paradis des activit\u00e9s nautiques Le paradis des activit\u00e9s nautiques La rade de Brest La rade de Brest est une grande baie de 180 m\u00b2 reli\u00e9e \u00e0 la mer d&rsquo;Iroise par un passage large de 1,8 km appel\u00e9 le goulet de Brest (abrit\u00e9e des temp\u00eates et quasiment ferm\u00e9e par la presqu&rsquo;ile [&hellip;]<\/p>\n","protected":false},"author":12,"featured_media":0,"parent":61,"menu_order":0,"comment_status":"closed","ping_status":"closed","template":"","meta":{"inline_featured_image":false,"footnotes":""},"class_list":["post-75","page","type-page","status-publish","hentry"],"_links":{"self":[{"href":"https:\/\/www.hotel-france-camaret.com\/en\/wp-json\/wp\/v2\/pages\/75","targetHints":{"allow":["GET"]}}],"collection":[{"href":"https:\/\/www.hotel-france-camaret.com\/en\/wp-json\/wp\/v2\/pages"}],"about":[{"href":"https:\/\/www.hotel-france-camaret.com\/en\/wp-json\/wp\/v2\/types\/page"}],"author":[{"embeddable":true,"href":"https:\/\/www.hotel-france-camaret.com\/en\/wp-json\/wp\/v2\/users\/12"}],"replies":[{"embeddable":true,"href":"https:\/\/www.hotel-france-camaret.com\/en\/wp-json\/wp\/v2\/comments?post=75"}],"version-history":[{"count":10,"href":"https:\/\/www.hotel-france-camaret.com\/en\/wp-json\/wp\/v2\/pages\/75\/revisions"}],"predecessor-version":[{"id":1066,"href":"https:\/\/www.hotel-france-camaret.com\/en\/wp-json\/wp\/v2\/pages\/75\/revisions\/1066"}],"up":[{"embeddable":true,"href":"https:\/\/www.hotel-france-camaret.com\/en\/wp-json\/wp\/v2\/pages\/61"}],"wp:attachment":[{"href":"https:\/\/www.hotel-france-camaret.com\/en\/wp-json\/wp\/v2\/media?parent=75"}],"curies":[{"name":"wp","href":"https:\/\/api.w.org\/{rel}","templated":true}]}}