{"id":73,"date":"2023-06-12T15:43:14","date_gmt":"2023-06-12T13:43:14","guid":{"rendered":"https:\/\/www.hotel-france-camaret.com\/?page_id=73"},"modified":"2023-06-22T09:50:23","modified_gmt":"2023-06-22T07:50:23","slug":"breast-wing","status":"publish","type":"page","link":"https:\/\/www.hotel-france-camaret.com\/en\/cap-sur-la-bretagne-hotel-finistere\/lile-de-sein\/","title":{"rendered":"The island of Sein"},"content":{"rendered":"<div data-elementor-type=\"wp-page\" data-elementor-id=\"73\" class=\"elementor elementor-73\" data-elementor-post-type=\"page\">\n\t\t\t\t<div class=\"elementor-element elementor-element-1ae610b4 e-flex e-con-boxed e-con e-parent\" data-id=\"1ae610b4\" data-element_type=\"container\" data-e-type=\"container\" data-settings=\"{&quot;background_background&quot;:&quot;classic&quot;}\">\n\t\t\t\t\t<div class=\"e-con-inner\">\n\t\t\t\t<div class=\"elementor-element elementor-element-69572c57 elementor-widget elementor-widget-heading\" data-id=\"69572c57\" data-element_type=\"widget\" data-e-type=\"widget\" data-widget_type=\"heading.default\">\n\t\t\t\t<div class=\"elementor-widget-container\">\n\t\t\t\t\t<h1 class=\"elementor-heading-title elementor-size-default\">The island of Sein<\/h1>\t\t\t\t<\/div>\n\t\t\t\t<\/div>\n\t\t\t\t<div class=\"elementor-element elementor-element-42f30194 elementor-widget elementor-widget-heading\" data-id=\"42f30194\" data-element_type=\"widget\" data-e-type=\"widget\" data-widget_type=\"heading.default\">\n\t\t\t\t<div class=\"elementor-widget-container\">\n\t\t\t\t\t<h2 class=\"elementor-heading-title elementor-size-default\">An island out of time and out of the world<\/h2>\t\t\t\t<\/div>\n\t\t\t\t<\/div>\n\t\t\t\t\t<\/div>\n\t\t\t\t<\/div>\n\t\t<div class=\"elementor-element elementor-element-4447411c e-flex e-con-boxed e-con e-parent\" data-id=\"4447411c\" data-element_type=\"container\" data-e-type=\"container\" data-settings=\"{&quot;background_background&quot;:&quot;classic&quot;}\">\n\t\t\t\t\t<div class=\"e-con-inner\">\n\t\t<div class=\"elementor-element elementor-element-1040f0d2 e-con-full e-flex e-con e-parent\" data-id=\"1040f0d2\" data-element_type=\"container\" data-e-type=\"container\">\n\t\t\t\t<div class=\"elementor-element elementor-element-2e69c11b elementor-widget elementor-widget-heading\" data-id=\"2e69c11b\" data-element_type=\"widget\" data-e-type=\"widget\" data-widget_type=\"heading.default\">\n\t\t\t\t<div class=\"elementor-widget-container\">\n\t\t\t\t\t<h2 class=\"elementor-heading-title elementor-size-default\">An island out of time and out of the world<\/h2>\t\t\t\t<\/div>\n\t\t\t\t<\/div>\n\t\t\t\t<div class=\"elementor-element elementor-element-40c42c95 elementor-widget elementor-widget-heading\" data-id=\"40c42c95\" data-element_type=\"widget\" data-e-type=\"widget\" data-widget_type=\"heading.default\">\n\t\t\t\t<div class=\"elementor-widget-container\">\n\t\t\t\t\t<h2 class=\"elementor-heading-title elementor-size-default\">The island of Sein<\/h2>\t\t\t\t<\/div>\n\t\t\t\t<\/div>\n\t\t\t\t<div class=\"elementor-element elementor-element-605c41cf elementor-widget elementor-widget-text-editor\" data-id=\"605c41cf\" data-element_type=\"widget\" data-e-type=\"widget\" data-widget_type=\"text-editor.default\">\n\t\t\t\t<div class=\"elementor-widget-container\">\n\t\t\t\t\t\t\t\t\t<p>The island of Sein, out of time and out of the world, is a unique place, isolated in its reef gangue and its spray, which was once submerged by the ocean. Humans have clung to it like barnacles since prehistoric times, protected from the rest of the world by the ferocity of its environment.<\/p><p>Situated at the entrance to the English Channel and an essential passageway for shipping lanes, the Ile de Sein has been renowned in turn for its shipwreckers and rescuers. Its shores abound with reefs and wrecks, and the lighthouses of La Vieille and Ar-Men guide ships with their reassuring beams. In contrast to this grandiose nature, the human presence stands out for its generosity and solidarity.<\/p><p>History is there to remind us of the 700 shipwrecked sailors welcomed in 1796 on an island plagued by famine, or the embarkation of 150 sailors and fishermen for England at the call of General De Gaulle. In the face of adversity, the people of S\u00e9nans stick together, just as their white houses with coloured shutters are clustered around narrow streets.<\/p><p>Among other curiosities, you'll come across a few women wearing the \"jibilinenn\", the black mourning headdress adopted in 1886 during the last cholera epidemic. It's worth noting that the island of Sein is exempt from all property taxes, a meagre compensation for the harshness of island life. The proverb says: \"He who sees Sein sees its end\". Go there without fear, you'll find authenticity.<\/p>\t\t\t\t\t\t\t\t<\/div>\n\t\t\t\t<\/div>\n\t\t\t\t<\/div>\n\t\t<div class=\"elementor-element elementor-element-1d3b4555 e-con-full tourisme-img-left e-flex e-con e-parent\" data-id=\"1d3b4555\" data-element_type=\"container\" data-e-type=\"container\">\n\t\t\t\t<div class=\"elementor-element elementor-element-4e03747e elementor-widget elementor-widget-image\" data-id=\"4e03747e\" data-element_type=\"widget\" data-e-type=\"widget\" data-widget_type=\"image.default\">\n\t\t\t\t<div class=\"elementor-widget-container\">\n\t\t\t\t\t\t\t\t\t\t\t\t\t\t\t<img fetchpriority=\"high\" decoding=\"async\" width=\"677\" height=\"452\" src=\"https:\/\/www.hotel-france-camaret.com\/wp-content\/uploads\/2023\/06\/929465b3ac9b2eebc64215664b2b44b77a9e7fb0.jpeg\" class=\"attachment-large size-large wp-image-799\" alt=\"\" srcset=\"https:\/\/www.hotel-france-camaret.com\/wp-content\/uploads\/2023\/06\/929465b3ac9b2eebc64215664b2b44b77a9e7fb0.jpeg 677w, https:\/\/www.hotel-france-camaret.com\/wp-content\/uploads\/2023\/06\/929465b3ac9b2eebc64215664b2b44b77a9e7fb0-300x200.jpeg 300w, https:\/\/www.hotel-france-camaret.com\/wp-content\/uploads\/2023\/06\/929465b3ac9b2eebc64215664b2b44b77a9e7fb0-18x12.jpeg 18w\" sizes=\"(max-width: 677px) 100vw, 677px\" title=\"\">\t\t\t\t\t\t\t\t\t\t\t\t\t\t\t<\/div>\n\t\t\t\t<\/div>\n\t\t\t\t<\/div>\n\t\t\t\t\t<\/div>\n\t\t\t\t<\/div>\n\t\t<div class=\"elementor-element elementor-element-31732d8 e-flex e-con-boxed e-con e-parent\" data-id=\"31732d8\" data-element_type=\"container\" data-e-type=\"container\">\n\t\t\t\t\t<div class=\"e-con-inner\">\n\t\t\t\t<div class=\"elementor-element elementor-element-745a48a0 elementor-widget elementor-widget-heading\" data-id=\"745a48a0\" data-element_type=\"widget\" data-e-type=\"widget\" data-widget_type=\"heading.default\">\n\t\t\t\t<div class=\"elementor-widget-container\">\n\t\t\t\t\t<h3 class=\"elementor-heading-title elementor-size-default\">Find out more about Brittany<\/h3>\t\t\t\t<\/div>\n\t\t\t\t<\/div>\n\t\t\t\t<div class=\"elementor-element elementor-element-26c4e890 elementor-post-navigation-borders-yes elementor-widget elementor-widget-post-navigation\" data-id=\"26c4e890\" data-element_type=\"widget\" data-e-type=\"widget\" data-widget_type=\"post-navigation.default\">\n\t\t\t\t<div class=\"elementor-widget-container\">\n\t\t\t\t\t\t\t<div class=\"elementor-post-navigation\" role=\"navigation\" aria-label=\"Post Navigation\">\n\t\t\t<div class=\"elementor-post-navigation__prev elementor-post-navigation__link\">\n\t\t\t\t<a href=\"https:\/\/www.hotel-france-camaret.com\/en\/cap-sur-la-bretagne-hotel-finistere\/alignements-megalithiques-de-lagatjar\/\" rel=\"prev\"><span class=\"post-navigation__arrow-wrapper post-navigation__arrow-prev\"><i aria-hidden=\"true\" class=\"fas fa-angle-left\"><\/i><span class=\"elementor-screen-only\">Prev<\/span><\/span><span class=\"elementor-post-navigation__link__prev\"><span class=\"post-navigation__prev--title\">Megalithic alignments at Lagatjar<\/span><\/span><\/a>\t\t\t<\/div>\n\t\t\t\t\t\t\t<div class=\"elementor-post-navigation__separator-wrapper\">\n\t\t\t\t\t<div class=\"elementor-post-navigation__separator\"><\/div>\n\t\t\t\t<\/div>\n\t\t\t\t\t\t<div class=\"elementor-post-navigation__next elementor-post-navigation__link\">\n\t\t\t\t<a href=\"https:\/\/www.hotel-france-camaret.com\/en\/cap-sur-la-bretagne-hotel-finistere\/la-rade-de-brest\/\" rel=\"next\"><span class=\"elementor-post-navigation__link__next\"><span class=\"post-navigation__next--title\">Brest harbour<\/span><\/span><span class=\"post-navigation__arrow-wrapper post-navigation__arrow-next\"><i aria-hidden=\"true\" class=\"fas fa-angle-right\"><\/i><span class=\"elementor-screen-only\">Next<\/span><\/span><\/a>\t\t\t<\/div>\n\t\t<\/div>\n\t\t\t\t\t\t<\/div>\n\t\t\t\t<\/div>\n\t\t\t\t\t<\/div>\n\t\t\t\t<\/div>\n\t\t\t\t<\/div>","protected":false},"excerpt":{"rendered":"<p>L&rsquo;\u00eele de Sein Une \u00eele hors du temps et du monde Une \u00eele hors du temps et du monde L&rsquo;\u00eele de Sein L&rsquo;\u00eele de Sein, hors du monde et du temps, est un lieu unique, isol\u00e9 dans sa gangue de r\u00e9cifs et ses vapeurs d&#8217;embruns, qui fut autrefois submerg\u00e9 par l&rsquo;oc\u00e9an. L&rsquo;homme s&rsquo;y accroche comme [&hellip;]<\/p>\n","protected":false},"author":12,"featured_media":0,"parent":61,"menu_order":0,"comment_status":"closed","ping_status":"closed","template":"","meta":{"inline_featured_image":false,"footnotes":""},"class_list":["post-73","page","type-page","status-publish","hentry"],"_links":{"self":[{"href":"https:\/\/www.hotel-france-camaret.com\/en\/wp-json\/wp\/v2\/pages\/73","targetHints":{"allow":["GET"]}}],"collection":[{"href":"https:\/\/www.hotel-france-camaret.com\/en\/wp-json\/wp\/v2\/pages"}],"about":[{"href":"https:\/\/www.hotel-france-camaret.com\/en\/wp-json\/wp\/v2\/types\/page"}],"author":[{"embeddable":true,"href":"https:\/\/www.hotel-france-camaret.com\/en\/wp-json\/wp\/v2\/users\/12"}],"replies":[{"embeddable":true,"href":"https:\/\/www.hotel-france-camaret.com\/en\/wp-json\/wp\/v2\/comments?post=73"}],"version-history":[{"count":10,"href":"https:\/\/www.hotel-france-camaret.com\/en\/wp-json\/wp\/v2\/pages\/73\/revisions"}],"predecessor-version":[{"id":1063,"href":"https:\/\/www.hotel-france-camaret.com\/en\/wp-json\/wp\/v2\/pages\/73\/revisions\/1063"}],"up":[{"embeddable":true,"href":"https:\/\/www.hotel-france-camaret.com\/en\/wp-json\/wp\/v2\/pages\/61"}],"wp:attachment":[{"href":"https:\/\/www.hotel-france-camaret.com\/en\/wp-json\/wp\/v2\/media?parent=73"}],"curies":[{"name":"wp","href":"https:\/\/api.w.org\/{rel}","templated":true}]}}