{"id":71,"date":"2023-06-12T15:42:42","date_gmt":"2023-06-12T13:42:42","guid":{"rendered":"https:\/\/www.hotel-france-camaret.com\/?page_id=71"},"modified":"2023-06-22T09:50:19","modified_gmt":"2023-06-22T07:50:19","slug":"megalithic-alignments-of-lagatjar","status":"publish","type":"page","link":"https:\/\/www.hotel-france-camaret.com\/en\/cap-sur-la-bretagne-hotel-finistere\/alignements-megalithiques-de-lagatjar\/","title":{"rendered":"Megalithic alignments at Lagatjar"},"content":{"rendered":"<div data-elementor-type=\"wp-page\" data-elementor-id=\"71\" class=\"elementor elementor-71\" data-elementor-post-type=\"page\">\n\t\t\t\t<div class=\"elementor-element elementor-element-529a5593 e-flex e-con-boxed e-con e-parent\" data-id=\"529a5593\" data-element_type=\"container\" data-e-type=\"container\" data-settings=\"{&quot;background_background&quot;:&quot;classic&quot;}\">\n\t\t\t\t\t<div class=\"e-con-inner\">\n\t\t\t\t<div class=\"elementor-element elementor-element-6b83cef3 elementor-widget elementor-widget-heading\" data-id=\"6b83cef3\" data-element_type=\"widget\" data-e-type=\"widget\" data-widget_type=\"heading.default\">\n\t\t\t\t<div class=\"elementor-widget-container\">\n\t\t\t\t\t<h1 class=\"elementor-heading-title elementor-size-default\">Megalithic alignments at Lagatjar<\/h1>\t\t\t\t<\/div>\n\t\t\t\t<\/div>\n\t\t\t\t<div class=\"elementor-element elementor-element-66820bd2 elementor-widget elementor-widget-heading\" data-id=\"66820bd2\" data-element_type=\"widget\" data-e-type=\"widget\" data-widget_type=\"heading.default\">\n\t\t\t\t<div class=\"elementor-widget-container\">\n\t\t\t\t\t<h2 class=\"elementor-heading-title elementor-size-default\">Discover the heights of Camaret<\/h2>\t\t\t\t<\/div>\n\t\t\t\t<\/div>\n\t\t\t\t\t<\/div>\n\t\t\t\t<\/div>\n\t\t<div class=\"elementor-element elementor-element-378cb32c e-flex e-con-boxed e-con e-parent\" data-id=\"378cb32c\" data-element_type=\"container\" data-e-type=\"container\" data-settings=\"{&quot;background_background&quot;:&quot;classic&quot;}\">\n\t\t\t\t\t<div class=\"e-con-inner\">\n\t\t<div class=\"elementor-element elementor-element-2b852244 e-con-full e-flex e-con e-parent\" data-id=\"2b852244\" data-element_type=\"container\" data-e-type=\"container\">\n\t\t\t\t<div class=\"elementor-element elementor-element-74b6d574 elementor-widget elementor-widget-heading\" data-id=\"74b6d574\" data-element_type=\"widget\" data-e-type=\"widget\" data-widget_type=\"heading.default\">\n\t\t\t\t<div class=\"elementor-widget-container\">\n\t\t\t\t\t<h2 class=\"elementor-heading-title elementor-size-default\">Discover the heights of Camaret<\/h2>\t\t\t\t<\/div>\n\t\t\t\t<\/div>\n\t\t\t\t<div class=\"elementor-element elementor-element-6f3422e5 elementor-widget elementor-widget-heading\" data-id=\"6f3422e5\" data-element_type=\"widget\" data-e-type=\"widget\" data-widget_type=\"heading.default\">\n\t\t\t\t<div class=\"elementor-widget-container\">\n\t\t\t\t\t<h2 class=\"elementor-heading-title elementor-size-default\">Megalithic alignments at Lagatjar<\/h2>\t\t\t\t<\/div>\n\t\t\t\t<\/div>\n\t\t\t\t<div class=\"elementor-element elementor-element-ae6d2af elementor-widget elementor-widget-text-editor\" data-id=\"ae6d2af\" data-element_type=\"widget\" data-e-type=\"widget\" data-widget_type=\"text-editor.default\">\n\t\t\t\t<div class=\"elementor-widget-container\">\n\t\t\t\t\t\t\t\t\t<p>At the base of the three peaks that form the distinctive outline of the commune of Camaret-sur-Mer, a field of standing stones testifies to the fact that this end of the peninsula has been inhabited for thousands of years.<\/p><p>Contemporary with the Carnac alignments, the Lagatjar alignments formed a group of 600 menhirs in 1776 (according to Jean Og\u00e9e's dictionary, information included in an inventory drawn up by the Convention in 1793).<\/p>\t\t\t\t\t\t\t\t<\/div>\n\t\t\t\t<\/div>\n\t\t\t\t<\/div>\n\t\t<div class=\"elementor-element elementor-element-4c48a03a e-con-full tourisme-img-left e-flex e-con e-parent\" data-id=\"4c48a03a\" data-element_type=\"container\" data-e-type=\"container\">\n\t\t\t\t<div class=\"elementor-element elementor-element-1c015c4e elementor-widget elementor-widget-image\" data-id=\"1c015c4e\" data-element_type=\"widget\" data-e-type=\"widget\" data-widget_type=\"image.default\">\n\t\t\t\t<div class=\"elementor-widget-container\">\n\t\t\t\t\t\t\t\t\t\t\t\t\t\t\t<img fetchpriority=\"high\" decoding=\"async\" width=\"677\" height=\"452\" src=\"https:\/\/www.hotel-france-camaret.com\/wp-content\/uploads\/2023\/06\/eab79c168d4d4d1186f0b7f361a4371f48457f57.jpeg\" class=\"attachment-large size-large wp-image-798\" alt=\"\" srcset=\"https:\/\/www.hotel-france-camaret.com\/wp-content\/uploads\/2023\/06\/eab79c168d4d4d1186f0b7f361a4371f48457f57.jpeg 677w, https:\/\/www.hotel-france-camaret.com\/wp-content\/uploads\/2023\/06\/eab79c168d4d4d1186f0b7f361a4371f48457f57-300x200.jpeg 300w, https:\/\/www.hotel-france-camaret.com\/wp-content\/uploads\/2023\/06\/eab79c168d4d4d1186f0b7f361a4371f48457f57-18x12.jpeg 18w\" sizes=\"(max-width: 677px) 100vw, 677px\" title=\"\">\t\t\t\t\t\t\t\t\t\t\t\t\t\t\t<\/div>\n\t\t\t\t<\/div>\n\t\t\t\t<\/div>\n\t\t\t\t\t<\/div>\n\t\t\t\t<\/div>\n\t\t<div class=\"elementor-element elementor-element-5931d81c e-flex e-con-boxed e-con e-parent\" data-id=\"5931d81c\" data-element_type=\"container\" data-e-type=\"container\">\n\t\t\t\t\t<div class=\"e-con-inner\">\n\t\t\t\t<div class=\"elementor-element elementor-element-6890b135 elementor-widget elementor-widget-heading\" data-id=\"6890b135\" data-element_type=\"widget\" data-e-type=\"widget\" data-widget_type=\"heading.default\">\n\t\t\t\t<div class=\"elementor-widget-container\">\n\t\t\t\t\t<h3 class=\"elementor-heading-title elementor-size-default\">Find out more about Brittany<\/h3>\t\t\t\t<\/div>\n\t\t\t\t<\/div>\n\t\t\t\t<div class=\"elementor-element elementor-element-661c729e elementor-post-navigation-borders-yes elementor-widget elementor-widget-post-navigation\" data-id=\"661c729e\" data-element_type=\"widget\" data-e-type=\"widget\" data-widget_type=\"post-navigation.default\">\n\t\t\t\t<div class=\"elementor-widget-container\">\n\t\t\t\t\t\t\t<div class=\"elementor-post-navigation\" role=\"navigation\" aria-label=\"Post Navigation\">\n\t\t\t<div class=\"elementor-post-navigation__prev elementor-post-navigation__link\">\n\t\t\t\t<a href=\"https:\/\/www.hotel-france-camaret.com\/en\/cap-sur-la-bretagne-hotel-finistere\/la-pointe-de-pen-hir\/\" rel=\"prev\"><span class=\"post-navigation__arrow-wrapper post-navigation__arrow-prev\"><i aria-hidden=\"true\" class=\"fas fa-angle-left\"><\/i><span class=\"elementor-screen-only\">Prev<\/span><\/span><span class=\"elementor-post-navigation__link__prev\"><span class=\"post-navigation__prev--title\">The Pointe de Pen-Hir<\/span><\/span><\/a>\t\t\t<\/div>\n\t\t\t\t\t\t\t<div class=\"elementor-post-navigation__separator-wrapper\">\n\t\t\t\t\t<div class=\"elementor-post-navigation__separator\"><\/div>\n\t\t\t\t<\/div>\n\t\t\t\t\t\t<div class=\"elementor-post-navigation__next elementor-post-navigation__link\">\n\t\t\t\t<a href=\"https:\/\/www.hotel-france-camaret.com\/en\/cap-sur-la-bretagne-hotel-finistere\/lile-de-sein\/\" rel=\"next\"><span class=\"elementor-post-navigation__link__next\"><span class=\"post-navigation__next--title\">The island of Sein<\/span><\/span><span class=\"post-navigation__arrow-wrapper post-navigation__arrow-next\"><i aria-hidden=\"true\" class=\"fas fa-angle-right\"><\/i><span class=\"elementor-screen-only\">Next<\/span><\/span><\/a>\t\t\t<\/div>\n\t\t<\/div>\n\t\t\t\t\t\t<\/div>\n\t\t\t\t<\/div>\n\t\t\t\t\t<\/div>\n\t\t\t\t<\/div>\n\t\t\t\t<\/div>","protected":false},"excerpt":{"rendered":"<p>Alignements m\u00e9galithiques de Lagatjar A d\u00e9couvrir sur les hauteurs de Camaret A d\u00e9couvrir sur les hauteurs de Camaret Alignements m\u00e9galithiques de Lagatjar A la base des trois pointes qui dessinent de mani\u00e8re caract\u00e9ristique les contours de la commune de Camaret-sur-Mer, un champ de pierres dress\u00e9es atteste que cette extr\u00e9mit\u00e9 de la Presqu&rsquo;\u00eele est habit\u00e9e depuis [&hellip;]<\/p>\n","protected":false},"author":12,"featured_media":0,"parent":61,"menu_order":0,"comment_status":"closed","ping_status":"closed","template":"","meta":{"inline_featured_image":false,"footnotes":""},"class_list":["post-71","page","type-page","status-publish","hentry"],"_links":{"self":[{"href":"https:\/\/www.hotel-france-camaret.com\/en\/wp-json\/wp\/v2\/pages\/71","targetHints":{"allow":["GET"]}}],"collection":[{"href":"https:\/\/www.hotel-france-camaret.com\/en\/wp-json\/wp\/v2\/pages"}],"about":[{"href":"https:\/\/www.hotel-france-camaret.com\/en\/wp-json\/wp\/v2\/types\/page"}],"author":[{"embeddable":true,"href":"https:\/\/www.hotel-france-camaret.com\/en\/wp-json\/wp\/v2\/users\/12"}],"replies":[{"embeddable":true,"href":"https:\/\/www.hotel-france-camaret.com\/en\/wp-json\/wp\/v2\/comments?post=71"}],"version-history":[{"count":7,"href":"https:\/\/www.hotel-france-camaret.com\/en\/wp-json\/wp\/v2\/pages\/71\/revisions"}],"predecessor-version":[{"id":1060,"href":"https:\/\/www.hotel-france-camaret.com\/en\/wp-json\/wp\/v2\/pages\/71\/revisions\/1060"}],"up":[{"embeddable":true,"href":"https:\/\/www.hotel-france-camaret.com\/en\/wp-json\/wp\/v2\/pages\/61"}],"wp:attachment":[{"href":"https:\/\/www.hotel-france-camaret.com\/en\/wp-json\/wp\/v2\/media?parent=71"}],"curies":[{"name":"wp","href":"https:\/\/api.w.org\/{rel}","templated":true}]}}